{"id":2289,"date":"2019-02-12T09:58:00","date_gmt":"2019-02-12T09:58:00","guid":{"rendered":"http:\/\/avenir-gendarmerie.org\/?page_id=2289"},"modified":"2019-02-21T16:04:35","modified_gmt":"2019-02-21T16:04:35","slug":"mentions-legales","status":"publish","type":"page","link":"https:\/\/avenir-gendarmerie.org\/index.php\/mentions-legales\/","title":{"rendered":"Mentions l\u00e9gales"},"content":{"rendered":"<p>Ce site web est le site du Bureau Central des Partenariats, au capital de 10 000 \u20ac<br \/>\nImmatricul\u00e9e au R.C.S. de Bobigny sous le num\u00e9ro 831 707 112<br \/>\nDirecteur de la publication : Jean-Claude Fontaine, Pr\u00e9sident national\u00a0de la F\u00e9d\u00e9ration Nationale des Retrait\u00e9s de la gendarmerie<br \/>\nEmail : <a href=\"mailto:contact@avenir-gendarmerie.org\">contact@avenir-gendarmerie.org<\/a><\/p>\n<h2>H\u00e9bergement :<\/h2>\n<p>Le site est h\u00e9berg\u00e9 en France sur les serveurs de la soci\u00e9t\u00e9 OVH<br \/>\nAdresse web : www.ovh.com<br \/>\nAdresse Postale : 2 rue Kellermann BP 80157 59053 ROUBAIX Cedex 1<br \/>\nT\u00e9l\u00e9phone : +33 (0)8 203 203 63<br \/>\nE-Mail : support@ovh.com<\/p>\n<h2>Conception :<\/h2>\n<p>Le site est maintenu par la soci\u00e9t\u00e9 MCDS, E-Mail : <a href=\"mailto:contact@mcds.fr\">contact@mcds.fr<\/a><\/p>\n<h2>Cookies :<\/h2>\n<p>www.avenir-gendarmerie.org n\u2019utilise pas et ne c\u00e8de pas les donn\u00e9es personnelles que vous pourriez \u00eatre amen\u00e9 \u00e0 lui transmettre. Ce site ne recoupe pas, et n&rsquo;autorise pas de tiers \u00e0 recouper, les donn\u00e9es statistiques qui peuvent y \u00eatre rassembl\u00e9es avec toute donn\u00e9e nominative.<br \/>\nCe site utilise Google Analytics, un service d&rsquo;analyse de site internet fourni par Google Inc. (\u00ab Google \u00bb). Google Analytics utilise des cookies, qui sont des fichiers texte plac\u00e9s sur votre ordinateur, pour aider le site internet \u00e0 analyser l&rsquo;utilisation du site par ses utilisateurs.<\/p>\n<p>Les donn\u00e9es g\u00e9n\u00e9r\u00e9es par les cookies concernant votre utilisation du site (y compris votre adresse IP) seront transmises et stock\u00e9es par Google sur des serveurs situ\u00e9s aux Etats-Unis. Google utilisera cette information dans le but d&rsquo;\u00e9valuer votre utilisation du site, de compiler des rapports sur l&rsquo;activit\u00e9 du site \u00e0 destination de son \u00e9diteur et de fournir d&rsquo;autres services relatifs \u00e0 l&rsquo;activit\u00e9 du site et \u00e0 l&rsquo;utilisation d&rsquo;Internet. Google est susceptible de communiquer ces donn\u00e9es \u00e0 des tiers en cas d&rsquo;obligation l\u00e9gale ou lorsque ces tiers traitent ces donn\u00e9es pour le compte de Google, y compris notamment l&rsquo;\u00e9diteur de ce site. Google ne recoupera pas votre adresse IP avec toute autre donn\u00e9e d\u00e9tenue par Google.<\/p>\n<p>Vous pouvez d\u00e9sactiver l&rsquo;utilisation de cookies en s\u00e9lectionnant les param\u00e8tres appropri\u00e9s de votre navigateur. Cependant, une telle d\u00e9sactivation pourrait emp\u00eacher l&rsquo;utilisation de certaines fonctionnalit\u00e9s de ce site. En utilisant ce site internet, vous consentez express\u00e9ment au traitement de vos donn\u00e9es nominatives par Google dans les conditions et pour les finalit\u00e9s d\u00e9crites ci-dessus.<\/p>\n","protected":false},"excerpt":{"rendered":"<p>Ce site web est le site du Bureau Central des Partenariats, au capital de 10 000 \u20ac Immatricul\u00e9e au R.C.S. de Bobigny sous le num\u00e9ro 831 707 112 Directeur de la publication : Jean-Claude Fontaine, Pr\u00e9sident national\u00a0de la F\u00e9d\u00e9ration Nationale des Retrait\u00e9s de la gendarmerie Email : contact@avenir-gendarmerie.org H\u00e9bergement : Le site est h\u00e9berg\u00e9 en [&hellip;]<\/p>\n","protected":false},"author":2,"featured_media":0,"parent":0,"menu_order":0,"comment_status":"closed","ping_status":"closed","template":"","meta":{"_exactmetrics_skip_tracking":false,"_exactmetrics_sitenote_active":false,"_exactmetrics_sitenote_note":"","_exactmetrics_sitenote_category":0,"footnotes":""},"class_list":["post-2289","page","type-page","status-publish","hentry"],"_links":{"self":[{"href":"https:\/\/avenir-gendarmerie.org\/index.php\/wp-json\/wp\/v2\/pages\/2289","targetHints":{"allow":["GET"]}}],"collection":[{"href":"https:\/\/avenir-gendarmerie.org\/index.php\/wp-json\/wp\/v2\/pages"}],"about":[{"href":"https:\/\/avenir-gendarmerie.org\/index.php\/wp-json\/wp\/v2\/types\/page"}],"author":[{"embeddable":true,"href":"https:\/\/avenir-gendarmerie.org\/index.php\/wp-json\/wp\/v2\/users\/2"}],"replies":[{"embeddable":true,"href":"https:\/\/avenir-gendarmerie.org\/index.php\/wp-json\/wp\/v2\/comments?post=2289"}],"version-history":[{"count":4,"href":"https:\/\/avenir-gendarmerie.org\/index.php\/wp-json\/wp\/v2\/pages\/2289\/revisions"}],"predecessor-version":[{"id":2359,"href":"https:\/\/avenir-gendarmerie.org\/index.php\/wp-json\/wp\/v2\/pages\/2289\/revisions\/2359"}],"wp:attachment":[{"href":"https:\/\/avenir-gendarmerie.org\/index.php\/wp-json\/wp\/v2\/media?parent=2289"}],"curies":[{"name":"wp","href":"https:\/\/api.w.org\/{rel}","templated":true}]}}