{"id":2319,"date":"2019-02-16T13:45:14","date_gmt":"2019-02-16T13:45:14","guid":{"rendered":"http:\/\/avenir-gendarmerie.org\/?page_id=2319"},"modified":"2019-02-16T13:56:25","modified_gmt":"2019-02-16T13:56:25","slug":"politique-de-confidentialite","status":"publish","type":"page","link":"https:\/\/avenir-gendarmerie.org\/index.php\/politique-de-confidentialite\/","title":{"rendered":"Politique de confidentialit\u00e9"},"content":{"rendered":"<p>Cette d\u00e9claration de confidentialit\u00e9 couvre les informations pratiques de <a href=\"http:\/\/www.avenir-gendarmerie.org\">www.avenir-gendarmerie.org<\/a>. En consultant le site web <a href=\"http:\/\/www.avenir-gendarmerie.org\">www.avenir-gendarmerie.org<\/a> , vous acceptez les conditions de ce document de politique de la confidentialit\u00e9.<\/p>\n<h2>1. Informations personnelles collect\u00e9es<\/h2>\n<h3>Informations que vous fournissez<\/h3>\n<p>Avenir et Gendarmerie collecte les informations que vous fournissez lors de toute demande via le formulaire en ligne sur la page \u2018Contact\u2019. En fournissant ces informations, vous consentez que vos informations soient collect\u00e9es et utilis\u00e9es, uniquement dans le but de traiter votre demande. Ces informations incluent votre nom et adresse email.<\/p>\n<h3>Informations de navigation<\/h3>\n<p>En naviguant sur <a href=\"http:\/\/www.avenir-gendarmerie.org\">www.avenir-gendarmerie.org<\/a> Avenir et Gendarmerie collecte des informations via l\u2019usage de cookies : cela inclut des informations standards telles que votre navigateur web, votre adresse IP et les actions que vous faites sur <a href=\"http:\/\/www.avenir-gendarmerie.org\">www.avenir-gendarmerie.org<\/a> ou des balises web. Vous pouvez bloquer tous les cookies qui ont \u00e9t\u00e9 sauvegard\u00e9s sur votre ordinateur en suivant les instructions de votre navigateur pour les d\u00e9sactiver. Si vous bloquez les cookies, il pourrait \u00eatre impossible d\u2019utiliser certains services.<\/p>\n<h2>2. Utilisation des informations collect\u00e9es<\/h2>\n<p>Aucun usage marketing n\u2019est fait par Avenir et Gendarmerie des e-mails collect\u00e9s via le formulaire en ligne.<\/p>\n<h2>3. Param\u00e9trage des cookies<\/h2>\n<p>Un cookie est un fichier texte contenant une petite quantit\u00e9 d\u2019informations qui est install\u00e9 sur votre ordinateur ou votre p\u00e9riph\u00e9rique mobile lors de votre premi\u00e8re visite sur un site Internet. Les cookies remplissent un certain nombre de fonctions : ils vous permettent, par exemple, de naviguer de mani\u00e8re fluide entre les pages, retiennent vos pr\u00e9f\u00e9rences, et permettent en g\u00e9n\u00e9ral d\u2019am\u00e9liorer l\u2019exp\u00e9rience de l\u2019utilisateur.<\/p>\n<p><a href=\"http:\/\/www.avenir-gendarmerie.org\"> www.avenir-gendarmerie.org<\/a> n\u2019utilise pas et ne c\u00e8de pas les donn\u00e9es personnelles que vous pourriez \u00eatre amen\u00e9 \u00e0 lui transmettre. Ce site ne recoupe pas, et n\u2019autorise pas de tiers \u00e0 recouper, les donn\u00e9es statistiques qui peuvent y \u00eatre rassembl\u00e9es avec toute donn\u00e9e nominative.<br \/>\nCe site utilise Google Analytics, un service d\u2019analyse de site internet fourni par Google Inc. (\u00ab Google \u00bb). Google Analytics utilise des cookies, qui sont des fichiers texte plac\u00e9s sur votre ordinateur, pour aider le site internet \u00e0 analyser l\u2019utilisation du site par ses utilisateurs.<br \/>\nLes donn\u00e9es g\u00e9n\u00e9r\u00e9es par les cookies concernant votre utilisation du site (y compris votre adresse IP) seront transmises et stock\u00e9es par Google sur des serveurs situ\u00e9s aux Etats-Unis. Google utilisera cette information dans le but d\u2019\u00e9valuer votre utilisation du site, de compiler des rapports sur l\u2019activit\u00e9 du site \u00e0 destination de son \u00e9diteur et de fournir d\u2019autres services relatifs \u00e0 l\u2019activit\u00e9 du site et \u00e0 l\u2019utilisation d\u2019Internet. Google est susceptible de communiquer ces donn\u00e9es \u00e0 des tiers en cas d\u2019obligation l\u00e9gale ou lorsque ces tiers traitent ces donn\u00e9es pour le compte de Google, y compris notamment l\u2019\u00e9diteur de ce site. Google ne recoupera pas votre adresse IP avec toute autre donn\u00e9e d\u00e9tenue par Google.<br \/>\nVous pouvez d\u00e9sactiver l\u2019utilisation de cookies en s\u00e9lectionnant les param\u00e8tres appropri\u00e9s de votre navigateur. Cependant, une telle d\u00e9sactivation pourrait emp\u00eacher l\u2019utilisation de certaines fonctionnalit\u00e9s de ce site. En utilisant ce site internet, vous consentez express\u00e9ment au traitement de vos donn\u00e9es nominatives par Google dans les conditions et pour les finalit\u00e9s d\u00e9crites ci-dessus.<\/p>\n<h2>\n4. Modification de Politique de confidentialit\u00e9<\/h2>\n<p>Avenir et Gendarmerie se r\u00e9serve le droit de changer la pr\u00e9sente Politique de confidentialit\u00e9 en vous notifiant via ce site web.<\/p>\n<h2>\n5. Contact<\/h2>\n<p>Toute question concernant cette Politique de confidentialit\u00e9 ou toute demande d\u2019acc\u00e8s \u00e0 vos donn\u00e9es personnelles doit \u00eatre directement adress\u00e9e par e-mail \u00e0 <a href=\"mailto:contact@avenir-gendarmerie.org\">contact@avenir-gendarmerie.org<\/a><\/p>\n","protected":false},"excerpt":{"rendered":"<p>Cette d\u00e9claration de confidentialit\u00e9 couvre les informations pratiques de www.avenir-gendarmerie.org. En consultant le site web www.avenir-gendarmerie.org , vous acceptez les conditions de ce document de politique de la confidentialit\u00e9. 1. Informations personnelles collect\u00e9es Informations que vous fournissez Avenir et Gendarmerie collecte les informations que vous fournissez lors de toute demande via le formulaire en ligne [&hellip;]<\/p>\n","protected":false},"author":2,"featured_media":0,"parent":0,"menu_order":0,"comment_status":"closed","ping_status":"closed","template":"","meta":{"_exactmetrics_skip_tracking":false,"_exactmetrics_sitenote_active":false,"_exactmetrics_sitenote_note":"","_exactmetrics_sitenote_category":0,"footnotes":""},"class_list":["post-2319","page","type-page","status-publish","hentry"],"_links":{"self":[{"href":"https:\/\/avenir-gendarmerie.org\/index.php\/wp-json\/wp\/v2\/pages\/2319","targetHints":{"allow":["GET"]}}],"collection":[{"href":"https:\/\/avenir-gendarmerie.org\/index.php\/wp-json\/wp\/v2\/pages"}],"about":[{"href":"https:\/\/avenir-gendarmerie.org\/index.php\/wp-json\/wp\/v2\/types\/page"}],"author":[{"embeddable":true,"href":"https:\/\/avenir-gendarmerie.org\/index.php\/wp-json\/wp\/v2\/users\/2"}],"replies":[{"embeddable":true,"href":"https:\/\/avenir-gendarmerie.org\/index.php\/wp-json\/wp\/v2\/comments?post=2319"}],"version-history":[{"count":3,"href":"https:\/\/avenir-gendarmerie.org\/index.php\/wp-json\/wp\/v2\/pages\/2319\/revisions"}],"predecessor-version":[{"id":2328,"href":"https:\/\/avenir-gendarmerie.org\/index.php\/wp-json\/wp\/v2\/pages\/2319\/revisions\/2328"}],"wp:attachment":[{"href":"https:\/\/avenir-gendarmerie.org\/index.php\/wp-json\/wp\/v2\/media?parent=2319"}],"curies":[{"name":"wp","href":"https:\/\/api.w.org\/{rel}","templated":true}]}}