{"id":260,"date":"2017-09-08T07:20:08","date_gmt":"2017-09-08T07:20:08","guid":{"rendered":"http:\/\/avenir-gendarmerie.org\/?page_id=260"},"modified":"2022-12-01T14:22:13","modified_gmt":"2022-12-01T14:22:13","slug":"avenir-et-gendarmerie","status":"publish","type":"page","link":"https:\/\/avenir-gendarmerie.org\/index.php\/avenir-et-gendarmerie\/","title":{"rendered":"Avenir et Gendarmerie"},"content":{"rendered":"<p><span style=\"color: #444444;\"><span style=\"font-family: Ubuntu, serif;\"><span style=\"font-size: small;\"><b>Fond\u00e9e en 1907, la revue de la F\u00e9d\u00e9ration Nationale des Retrait\u00e9s de la Gendarmerie, \u00e9dit\u00e9e sous le nom de \u00abProgr\u00e8s de la Gendarmerie\u00bb, a \u00e9t\u00e9 renomm\u00e9e en 2007 sous le titre \u00abAvenir et Gendarmerie\u00bb.\u00a0Cette publication s\u2019efforce de rester ind\u00e9pendante des maisons d\u2019\u00e9dition et cela ne peut se faire que gr\u00e2ce au soutien de son lectorat, de ses partenaires priv\u00e9s et institutionnels.<\/b><\/span><\/span><\/span><\/p>\n<p><span style=\"color: #444444;\"><span style=\"font-family: Ubuntu, serif;\"><span style=\"font-size: small;\"><img loading=\"lazy\" decoding=\"async\" class=\"aligncenter wp-image-6572 size-full\" src=\"https:\/\/avenir-gendarmerie.org\/wp-content\/uploads\/2022\/12\/progres.jpg\" alt=\"\" width=\"500\" height=\"363\" srcset=\"https:\/\/avenir-gendarmerie.org\/wp-content\/uploads\/2022\/12\/progres.jpg 500w, https:\/\/avenir-gendarmerie.org\/wp-content\/uploads\/2022\/12\/progres-300x218.jpg 300w, https:\/\/avenir-gendarmerie.org\/wp-content\/uploads\/2022\/12\/progres-324x235.jpg 324w\" sizes=\"auto, (max-width: 500px) 100vw, 500px\" \/>Ce m\u00e9dia d\u2019informations et d\u2019expression pour la gendarmerie et ses ressortissants est enti\u00e8rement con\u00e7u, r\u00e9alis\u00e9, \u00e9dit\u00e9 et administr\u00e9 en interne pour permettre une v\u00e9ritable ma\u00eetrise de l\u2019information mise en page.\u00a0Par sa pagination nationale et bient\u00f4t locale, le journal \u00ab Avenir et Gendarmerie \u00bb porte les couleurs de la F\u00e9d\u00e9ration Nationale des Retrait\u00e9s de la Gendarmerie. Il informe des actions sociales, associatives, promotionnelles, r\u00e9flexives en diffusant l\u2019actualit\u00e9 transmise par ses sections locales ce qui permet de dire que la revue appartient \u00e0 tous.<br \/>\nSa diffusion est mensuelle sur 9 num\u00e9ros (juillet\/ao\u00fbt est un num\u00e9ro commun), elle permet outre les informations internes relatives \u00e0 l\u2019association support de faire le point sur les nouvelles l\u00e9gislations, r\u00e9glementations, mesures visant \u00e0 am\u00e9liorer la s\u00e9curit\u00e9 des citoyens et la s\u00e9curit\u00e9 routi\u00e8re. Elle contient \u00e9galement de nombreux conseils pratiques et des renseignements sociaux portant sur les droits ouverts aux diverses cat\u00e9gories d\u2019adh\u00e9rents.<\/span><\/span><\/span><\/p>\n<p><span style=\"color: #444444;\"><span style=\"font-family: Ubuntu, serif;\"><span style=\"font-size: small;\">Avec les contraintes impos\u00e9es par\u00a0 la commission paritaire de presse, 50% de l\u2019information contenue doit imp\u00e9rativement \u00eatre d\u2019ordre g\u00e9n\u00e9raliste et exempte de publicit\u00e9.\u00a0Ses diff\u00e9rentes rubriques constituent une publication destin\u00e9e aux gendarmes actifs et retrait\u00e9s, aux familles et au civil. Tout \u00e0 chacun peut produire des articles qui apr\u00e8s aval de la commission de presse sont effectivement publi\u00e9s.<\/span><\/span><\/span><\/p>\n<p><span style=\"color: #444444;\"><span style=\"font-family: Ubuntu, serif;\"><span style=\"font-size: small;\"><img loading=\"lazy\" decoding=\"async\" class=\"aligncenter wp-image-6574 size-full\" src=\"https:\/\/avenir-gendarmerie.org\/wp-content\/uploads\/2022\/12\/progres-aveniretgendarmerie4.jpg\" alt=\"\" width=\"796\" height=\"561\" srcset=\"https:\/\/avenir-gendarmerie.org\/wp-content\/uploads\/2022\/12\/progres-aveniretgendarmerie4.jpg 796w, https:\/\/avenir-gendarmerie.org\/wp-content\/uploads\/2022\/12\/progres-aveniretgendarmerie4-300x211.jpg 300w, https:\/\/avenir-gendarmerie.org\/wp-content\/uploads\/2022\/12\/progres-aveniretgendarmerie4-768x541.jpg 768w, https:\/\/avenir-gendarmerie.org\/wp-content\/uploads\/2022\/12\/progres-aveniretgendarmerie4-100x70.jpg 100w, https:\/\/avenir-gendarmerie.org\/wp-content\/uploads\/2022\/12\/progres-aveniretgendarmerie4-696x491.jpg 696w, https:\/\/avenir-gendarmerie.org\/wp-content\/uploads\/2022\/12\/progres-aveniretgendarmerie4-596x420.jpg 596w\" sizes=\"auto, (max-width: 796px) 100vw, 796px\" \/>Publi\u00e9e en interne par la FNRG sous un format de 40 + 4 (4 pages de garde), la r\u00e9alisation de cette revue mensuelle demande une r\u00e9elle mobilisation associative. <\/span><\/span><\/span><\/p>\n<p><a name=\"_GoBack\"><\/a><span style=\"color: #444444;\"><span style=\"font-family: Ubuntu, serif;\"><span style=\"font-size: small;\">Cette publication n\u2019est pas diffus\u00e9e en kiosques presse et n\u2019est accessible que par souscription d\u2019un abonnement.<\/span><\/span><\/span><\/p>\n","protected":false},"excerpt":{"rendered":"<p>Fond\u00e9e en 1907, la revue de la F\u00e9d\u00e9ration Nationale des Retrait\u00e9s de la Gendarmerie, \u00e9dit\u00e9e sous le nom de \u00abProgr\u00e8s de la Gendarmerie\u00bb, a \u00e9t\u00e9 renomm\u00e9e en 2007 sous le titre \u00abAvenir et Gendarmerie\u00bb.\u00a0Cette publication s\u2019efforce de rester ind\u00e9pendante des maisons d\u2019\u00e9dition et cela ne peut se faire que gr\u00e2ce au soutien de son lectorat, [&hellip;]<\/p>\n","protected":false},"author":1,"featured_media":0,"parent":0,"menu_order":0,"comment_status":"closed","ping_status":"closed","template":"","meta":{"_exactmetrics_skip_tracking":false,"_exactmetrics_sitenote_active":false,"_exactmetrics_sitenote_note":"","_exactmetrics_sitenote_category":0,"footnotes":""},"class_list":["post-260","page","type-page","status-publish","hentry"],"_links":{"self":[{"href":"https:\/\/avenir-gendarmerie.org\/index.php\/wp-json\/wp\/v2\/pages\/260","targetHints":{"allow":["GET"]}}],"collection":[{"href":"https:\/\/avenir-gendarmerie.org\/index.php\/wp-json\/wp\/v2\/pages"}],"about":[{"href":"https:\/\/avenir-gendarmerie.org\/index.php\/wp-json\/wp\/v2\/types\/page"}],"author":[{"embeddable":true,"href":"https:\/\/avenir-gendarmerie.org\/index.php\/wp-json\/wp\/v2\/users\/1"}],"replies":[{"embeddable":true,"href":"https:\/\/avenir-gendarmerie.org\/index.php\/wp-json\/wp\/v2\/comments?post=260"}],"version-history":[{"count":12,"href":"https:\/\/avenir-gendarmerie.org\/index.php\/wp-json\/wp\/v2\/pages\/260\/revisions"}],"predecessor-version":[{"id":6575,"href":"https:\/\/avenir-gendarmerie.org\/index.php\/wp-json\/wp\/v2\/pages\/260\/revisions\/6575"}],"wp:attachment":[{"href":"https:\/\/avenir-gendarmerie.org\/index.php\/wp-json\/wp\/v2\/media?parent=260"}],"curies":[{"name":"wp","href":"https:\/\/api.w.org\/{rel}","templated":true}]}}