{"id":7647,"date":"2025-01-06T09:26:29","date_gmt":"2025-01-06T09:26:29","guid":{"rendered":"https:\/\/avenir-gendarmerie.org\/?page_id=7647"},"modified":"2026-03-17T09:53:44","modified_gmt":"2026-03-17T09:53:44","slug":"home2-2-3","status":"publish","type":"page","link":"https:\/\/avenir-gendarmerie.org\/","title":{"rendered":"Home3"},"content":{"rendered":"<div id=\"td_uid_1_69dde0a48a6db\" class=\"tdc-row\"><div class=\"vc_row td_uid_1_69dde0a48a6e3_rand  wpb_row td-pb-row\" ><div class=\"vc_column td_uid_2_69dde0a48a75b_rand  wpb_column vc_column_container td-pb-span12\"><div class=\"wpb_wrapper\"><div class=\"wpb_wrapper wpb_text_column td_block_wrap td_block_wrap vc_column_text td_uid_3_69dde0a48a7c6_rand  td-pb-border-top td_block_template_11\"  data-td-block-uid=\"td_uid_3_69dde0a48a7c6\" \"><div class=\"td-block-title-wrap\"><\/div><p style=\"text-align: center;\">Le mensuel destin\u00e9 aux actifs, r\u00e9servistes, retrait\u00e9s, veuves et orphelins de la Gendarmerie Nationale.<\/p>\n<p style=\"text-align: center;\">Magazine Officiel de la FNRG cr\u00e9\u00e9e en 1906.<\/p>\n<\/div><\/div><\/div><\/div><\/div><div id=\"td_uid_3_69dde0a48bf75\" class=\"tdc-row\"><div class=\"vc_row td_uid_4_69dde0a48bf7a_rand  wpb_row td-pb-row\" ><div class=\"vc_column td_uid_5_69dde0a48c00c_rand  wpb_column vc_column_container td-pb-span8\"><div class=\"wpb_wrapper\"><div class=\"td_block_wrap td_block_18 td_uid_6_69dde0a48c1eb_rand td-pb-border-top td_block_template_11 td-column-2\"  data-td-block-uid=\"td_uid_6_69dde0a48c1eb\" ><script>var block_td_uid_6_69dde0a48c1eb = new tdBlock();\nblock_td_uid_6_69dde0a48c1eb.id = \"td_uid_6_69dde0a48c1eb\";\nblock_td_uid_6_69dde0a48c1eb.atts = '{\"limit\":5,\"sort\":\"\",\"post_ids\":\"\",\"tag_slug\":\"\",\"autors_id\":\"\",\"installed_post_types\":\"\",\"category_id\":\"28\",\"category_ids\":\"\",\"custom_title\":\"\",\"custom_url\":\"\",\"show_child_cat\":\"\",\"sub_cat_ajax\":\"\",\"ajax_pagination\":\"\",\"header_color\":\"\",\"header_text_color\":\"\",\"ajax_pagination_infinite_stop\":\"\",\"td_column_number\":2,\"td_ajax_preloading\":\"\",\"td_ajax_filter_type\":\"\",\"td_ajax_filter_ids\":\"\",\"td_filter_default_txt\":\"All\",\"color_preset\":\"\",\"border_top\":\"\",\"class\":\"td_uid_6_69dde0a48c1eb_rand\",\"el_class\":\"\",\"offset\":\"\",\"css\":\"\",\"tdc_css\":\"\",\"tdc_css_class\":\"td_uid_6_69dde0a48c1eb_rand\",\"tdc_css_class_style\":\"td_uid_6_69dde0a48c1eb_rand_style\",\"live_filter\":\"\",\"live_filter_cur_post_id\":\"\",\"live_filter_cur_post_author\":\"\",\"block_template_id\":\"\"}';\nblock_td_uid_6_69dde0a48c1eb.td_column_number = \"2\";\nblock_td_uid_6_69dde0a48c1eb.block_type = \"td_block_18\";\nblock_td_uid_6_69dde0a48c1eb.post_count = \"5\";\nblock_td_uid_6_69dde0a48c1eb.found_posts = \"2493\";\nblock_td_uid_6_69dde0a48c1eb.header_color = \"\";\nblock_td_uid_6_69dde0a48c1eb.ajax_pagination_infinite_stop = \"\";\nblock_td_uid_6_69dde0a48c1eb.max_num_pages = \"499\";\ntdBlocksArray.push(block_td_uid_6_69dde0a48c1eb);\n<\/script><div class=\"td-block-title-wrap\"><\/div><div id=td_uid_6_69dde0a48c1eb class=\"td_block_inner td-column-2\">\n        <div class=\"td_module_mx8 td_module_wrap td-animation-stack td-meta-info-hide\">\n            <div class=\"meta-info-container\">\n                <div class=\"td-module-thumb\"><a href=\"https:\/\/avenir-gendarmerie.org\/index.php\/2026\/04\/08\/violences-contre-les-elus-quelle-protection\/\" rel=\"bookmark\" title=\"Violences contre les \u00e9lus : quelle protection ?\"><img loading=\"lazy\" decoding=\"async\" width=\"696\" height=\"385\" class=\"entry-thumb\" src=\"https:\/\/avenir-gendarmerie.org\/wp-content\/uploads\/2026\/04\/echarpe-696x385.jpg\" alt=\"\" title=\"Violences contre les \u00e9lus : quelle protection ?\"\/><\/a><\/div>\n                <div class=\"td-module-meta-info\">\n                    <h3 class=\"entry-title td-module-title\"><a href=\"https:\/\/avenir-gendarmerie.org\/index.php\/2026\/04\/08\/violences-contre-les-elus-quelle-protection\/\" rel=\"bookmark\" title=\"Violences contre les \u00e9lus : quelle protection ?\">Violences contre les \u00e9lus : quelle protection ?<\/a><\/h3>                                        <span class=\"td-author-date\">\n                                                                                            <\/span>\n                <\/div>\n            <\/div>\n\n        <\/div>\n\n        \n        <div class=\"td_module_10 td_module_wrap td-animation-stack td-meta-info-hide\">\n            <div class=\"td-module-thumb\"><a href=\"https:\/\/avenir-gendarmerie.org\/index.php\/2026\/04\/08\/hauts-de-france-une-operation-territoire-propre-pour-lutter-contre-la-delinquance-environnementale\/\" rel=\"bookmark\" title=\"Hauts-de-France : une op\u00e9ration \u00ab Territoire propre \u00bb pour lutter contre la d\u00e9linquance environnementale\"><img loading=\"lazy\" decoding=\"async\" width=\"218\" height=\"150\" class=\"entry-thumb\" src=\"https:\/\/avenir-gendarmerie.org\/wp-content\/uploads\/2026\/04\/c8e8e8cb2e38-Territoire-propre-partenaires-218x150.jpg\" srcset=\"https:\/\/avenir-gendarmerie.org\/wp-content\/uploads\/2026\/04\/c8e8e8cb2e38-Territoire-propre-partenaires-218x150.jpg 218w, https:\/\/avenir-gendarmerie.org\/wp-content\/uploads\/2026\/04\/c8e8e8cb2e38-Territoire-propre-partenaires-100x70.jpg 100w\" sizes=\"auto, (max-width: 218px) 100vw, 218px\" alt=\"\" title=\"Hauts-de-France : une op\u00e9ration \u00ab Territoire propre \u00bb pour lutter contre la d\u00e9linquance environnementale\"\/><\/a><\/div>\n            <div class=\"item-details\">\n            <h3 class=\"entry-title td-module-title\"><a href=\"https:\/\/avenir-gendarmerie.org\/index.php\/2026\/04\/08\/hauts-de-france-une-operation-territoire-propre-pour-lutter-contre-la-delinquance-environnementale\/\" rel=\"bookmark\" title=\"Hauts-de-France : une op\u00e9ration \u00ab Territoire propre \u00bb pour lutter contre la d\u00e9linquance environnementale\">Hauts-de-France : une op\u00e9ration \u00ab Territoire propre \u00bb pour lutter contre la d\u00e9linquance environnementale<\/a><\/h3>\n                <div class=\"td-module-meta-info\">\n                                                                                                            <\/div>\n\n                <div class=\"td-excerpt\">\n                    \r\n\r\nUne vaste op\u00e9ration coordonn\u00e9e a \u00e9t\u00e9 conduite lundi 23 mars 2026 dans la r\u00e9gion de gendarmerie des Hauts-de-France afin de d\u00e9tecter des pollutions ou...                <\/div>\n            <\/div>\n\n        <\/div>\n\n        \n        <div class=\"td_module_10 td_module_wrap td-animation-stack td-meta-info-hide\">\n            <div class=\"td-module-thumb\"><a href=\"https:\/\/avenir-gendarmerie.org\/index.php\/2026\/04\/02\/ce-qui-change-en-avril-2026\/\" rel=\"bookmark\" title=\"Ce qui change en avril 2026\"><img loading=\"lazy\" decoding=\"async\" width=\"218\" height=\"150\" class=\"entry-thumb\" src=\"https:\/\/avenir-gendarmerie.org\/wp-content\/uploads\/2022\/04\/money-2724235_1920-218x150.jpg\" srcset=\"https:\/\/avenir-gendarmerie.org\/wp-content\/uploads\/2022\/04\/money-2724235_1920-218x150.jpg 218w, https:\/\/avenir-gendarmerie.org\/wp-content\/uploads\/2022\/04\/money-2724235_1920-100x70.jpg 100w\" sizes=\"auto, (max-width: 218px) 100vw, 218px\" alt=\"\" title=\"Ce qui change en avril 2026\"\/><\/a><\/div>\n            <div class=\"item-details\">\n            <h3 class=\"entry-title td-module-title\"><a href=\"https:\/\/avenir-gendarmerie.org\/index.php\/2026\/04\/02\/ce-qui-change-en-avril-2026\/\" rel=\"bookmark\" title=\"Ce qui change en avril 2026\">Ce qui change en avril 2026<\/a><\/h3>\n                <div class=\"td-module-meta-info\">\n                                                                                                            <\/div>\n\n                <div class=\"td-excerpt\">\n                    Sp\u00e9cial imp\u00f4ts\r\nPr\u00e9parez vos d\u00e9clarations fiscales\u00a02026. Vous pouvez commencer \u00e0 d\u00e9clarer vos imp\u00f4ts de\u00a02025 \u00e0 partir du 9\u00a0avril\u00a02026.\r\n\r\n\r\n\r\nImp\u00f4t sur le revenu 2026\u00a0: obtenez une estimation...                <\/div>\n            <\/div>\n\n        <\/div>\n\n        \n        <div class=\"td_module_10 td_module_wrap td-animation-stack td-meta-info-hide\">\n            <div class=\"td-module-thumb\"><a href=\"https:\/\/avenir-gendarmerie.org\/index.php\/2026\/04\/02\/palpations-saisies-des-moyens-daction-renforces-pour-la-securite-dans-les-transports-en-commun\/\" rel=\"bookmark\" title=\"Palpations, saisies&#8230; Des moyens d\u2019action renforc\u00e9s pour la s\u00e9curit\u00e9 dans les transports en commun\"><img loading=\"lazy\" decoding=\"async\" width=\"218\" height=\"150\" class=\"entry-thumb\" src=\"https:\/\/avenir-gendarmerie.org\/wp-content\/uploads\/2026\/04\/MF_77_RATP_IDF_Mobilites-218x150.jpg\" srcset=\"https:\/\/avenir-gendarmerie.org\/wp-content\/uploads\/2026\/04\/MF_77_RATP_IDF_Mobilites-218x150.jpg 218w, https:\/\/avenir-gendarmerie.org\/wp-content\/uploads\/2026\/04\/MF_77_RATP_IDF_Mobilites-100x70.jpg 100w\" sizes=\"auto, (max-width: 218px) 100vw, 218px\" alt=\"\" title=\"Palpations, saisies&#8230; Des moyens d\u2019action renforc\u00e9s pour la s\u00e9curit\u00e9 dans les transports en commun\"\/><\/a><\/div>\n            <div class=\"item-details\">\n            <h3 class=\"entry-title td-module-title\"><a href=\"https:\/\/avenir-gendarmerie.org\/index.php\/2026\/04\/02\/palpations-saisies-des-moyens-daction-renforces-pour-la-securite-dans-les-transports-en-commun\/\" rel=\"bookmark\" title=\"Palpations, saisies&#8230; Des moyens d\u2019action renforc\u00e9s pour la s\u00e9curit\u00e9 dans les transports en commun\">Palpations, saisies&#8230; Des moyens d\u2019action renforc\u00e9s pour la s\u00e9curit\u00e9 dans les transports en commun<\/a><\/h3>\n                <div class=\"td-module-meta-info\">\n                                                                                                            <\/div>\n\n                <div class=\"td-excerpt\">\n                    Depuis le 30\u00a0mars, les agents des services internes de s\u00e9curit\u00e9 de la SNCF et de la RATP disposent de moyens d\u2019action renforc\u00e9s pour garantir...                <\/div>\n            <\/div>\n\n        <\/div>\n\n        \n        <div class=\"td_module_10 td_module_wrap td-animation-stack td-meta-info-hide\">\n            <div class=\"td-module-thumb\"><a href=\"https:\/\/avenir-gendarmerie.org\/index.php\/2026\/04\/01\/finistere-les-gendarmes-de-la-compagnie-de-brest-mettent-un-coup-darret-a-un-trafic-de-cocaine\/\" rel=\"bookmark\" title=\"Finist\u00e8re : les gendarmes de la compagnie de Brest mettent un coup d\u2019arr\u00eat \u00e0 un trafic de coca\u00efne\"><img loading=\"lazy\" decoding=\"async\" width=\"218\" height=\"150\" class=\"entry-thumb\" src=\"https:\/\/avenir-gendarmerie.org\/wp-content\/uploads\/2026\/04\/2a394a2874fa-Interpellation-Brest-218x150.jpg\" srcset=\"https:\/\/avenir-gendarmerie.org\/wp-content\/uploads\/2026\/04\/2a394a2874fa-Interpellation-Brest-218x150.jpg 218w, https:\/\/avenir-gendarmerie.org\/wp-content\/uploads\/2026\/04\/2a394a2874fa-Interpellation-Brest-100x70.jpg 100w\" sizes=\"auto, (max-width: 218px) 100vw, 218px\" alt=\"\" title=\"Finist\u00e8re : les gendarmes de la compagnie de Brest mettent un coup d\u2019arr\u00eat \u00e0 un trafic de coca\u00efne\"\/><\/a><\/div>\n            <div class=\"item-details\">\n            <h3 class=\"entry-title td-module-title\"><a href=\"https:\/\/avenir-gendarmerie.org\/index.php\/2026\/04\/01\/finistere-les-gendarmes-de-la-compagnie-de-brest-mettent-un-coup-darret-a-un-trafic-de-cocaine\/\" rel=\"bookmark\" title=\"Finist\u00e8re : les gendarmes de la compagnie de Brest mettent un coup d\u2019arr\u00eat \u00e0 un trafic de coca\u00efne\">Finist\u00e8re : les gendarmes de la compagnie de Brest mettent un coup d\u2019arr\u00eat \u00e0...<\/a><\/h3>\n                <div class=\"td-module-meta-info\">\n                                                                                                            <\/div>\n\n                <div class=\"td-excerpt\">\n                    \r\n\r\nMardi 24\u00a0mars 2026, une op\u00e9ration judiciaire a permis d\u2019interpeller trois individus impliqu\u00e9s dans un r\u00e9seau de livraison \u00e0 domicile de produits stup\u00e9fiants. L\u2019enqu\u00eate avait...                <\/div>\n            <\/div>\n\n        <\/div>\n\n        <\/div><\/div> <!-- .\/block --><\/div><\/div><div class=\"vc_column td_uid_7_69dde0a4900ea_rand  wpb_column vc_column_container td-pb-span4\"><div class=\"wpb_wrapper\"><div class=\"td-a-rec td-a-rec-id-sidebar  td_uid_8_69dde0a49028b_rand td_block_template_11\"><div class=\"g g-2\"><div class=\"g-dyn a-43 c-1\"><a class=\"gofollow\" data-track=\"NDMsMiwxLDYw\" href=\"https:\/\/rendezvous.audika.fr\/?utm_source=partenariat&utm_medium=email&utm_campaign=covea&utm_content=janvier&page_media_code=PRT26FNRG\"><img decoding=\"async\" src=\"https:\/\/avenir-gendarmerie.org\/wp-content\/uploads\/2026\/03\/AUDIKA-2026-1.gif\" \/><\/a><\/div><\/div>\r\n<!-- Soit il n'y a pas de banni\u00e8res, ils sont desactiv\u00e9es ou pas qualifi\u00e9es pour cet endroit! -->\r\n<\/div><div class=\"td_block_wrap td_block_weather td_uid_9_69dde0a491603_rand td-pb-border-top td_block_template_11\"  data-td-block-uid=\"td_uid_9_69dde0a491603\" ><div class=\"td-block-title-wrap\"><\/div><div id=td_uid_9_69dde0a491603 class=\"td-weather-wrap td_block_inner td-column-1\"><!-- td weather source: cache -->\n\t\t<div class=\"td-weather-header\">\n\t\t\t<div class=\"td-weather-city\">Paris<\/div>\n\t\t\t<div class=\"td-weather-condition\">ciel d\u00e9gag\u00e9<\/div>\n\t\t\t<i class=\"td-location-icon td-icons-location\"  data-block-uid=\"td_uid_9_69dde0a491603\"><\/i>\n\t\t<\/div>\n\n\t\t<div class=\"td-weather-set-location\">\n\t\t\t<form class=\"td-manual-location-form\" action=\"#\" data-block-uid=\"td_uid_9_69dde0a491603\">\n\t\t\t\t<input id=\"td_uid_9_69dde0a491603\" class=\"td-location-set-input\" type=\"text\" name=\"location\" value=\"\" >\n\t\t\t\t<label>enter location<\/label>\n\t\t\t<\/form>\n\t\t<\/div>\n\n\t\t<div class=\"td-weather-temperature\">\n\t\t\t<div class=\"td-weather-temp-wrap\">\n\t\t\t\t<div class=\"td-weather-animated-icon\">\n\t\t\t\t\t<span class=\"td_animation_sprite-27-100-80-0-0-1 clear-sky-n td-w-today-icon\" data-td-block-uid=\"td_uid_9_69dde0a491603\"><\/span>\n\t\t\t\t<\/div>\n\t\t\t\t<div class=\"td-weather-now\" data-block-uid=\"td_uid_9_69dde0a491603\">\n\t\t\t\t\t<span class=\"td-big-degrees\">4.8<\/span>\n\t\t\t\t\t<span class=\"td-circle\">&deg;<\/span>\n\t\t\t\t\t<span class=\"td-weather-unit\">C<\/span>\n\t\t\t\t<\/div>\n\t\t\t\t<div class=\"td-weather-lo-hi\">\n\t\t\t\t\t<div class=\"td-weather-degrees-wrap\">\n\t\t\t\t\t\t<i class=\"td-up-icon td-icons-arrows-up\"><\/i>\n\t\t\t\t\t\t<span class=\"td-small-degrees td-w-high-temp\">5.6<\/span>\n\t\t\t\t\t\t<span class=\"td-circle\">&deg;<\/span>\n\t\t\t\t\t<\/div>\n\t\t\t\t\t<div class=\"td-weather-degrees-wrap\">\n\t\t\t\t\t\t<i class=\"td-down-icon td-icons-arrows-down\"><\/i>\n\t\t\t\t\t\t<span class=\"td-small-degrees td-w-low-temp\">3.1<\/span>\n\t\t\t\t\t\t<span class=\"td-circle\">&deg;<\/span>\n\t\t\t\t\t<\/div>\n\t\t\t\t<\/div>\n\t\t\t<\/div>\n\t\t<\/div>\n\n\t\t<div class=\"td-weather-info-wrap\">\n\t\t\t<div class=\"td-weather-information\">\n\t\t\t\t<div class=\"td-weather-section-1\">\n\t\t\t\t\t<i class=\"td-icons-drop\"><\/i>\n\t\t\t\t\t<span class=\"td-weather-parameter td-w-today-humidity\">93%<\/span>\n\t\t\t\t<\/div>\n\t\t\t\t<div class=\"td-weather-section-2\">\n\t\t\t\t\t<i class=\"td-icons-wind\"><\/i>\n\t\t\t\t\t<span class=\"td-weather-parameter td-w-today-wind-speed\">1kmh<\/span>\n\t\t\t\t<\/div>\n\t\t\t\t<div class=\"td-weather-section-3\">\n\t\t\t\t\t<i class=\"td-icons-cloud\"><\/i>\n\t\t\t\t\t<span class=\"td-weather-parameter td-w-today-clouds\">0%<\/span>\n\t\t\t\t<\/div>\n\t\t\t<\/div>\n\n\n\t\t\t<div class=\"td-weather-week\">\n\t\t\t\t\t\t\t\t\t<div class=\"td-weather-days\">\n\t\t\t\t\t\t<div class=\"td-day-0\">mer<\/div>\n\t\t\t\t\t\t<div class=\"td-day-degrees\">\n\t\t\t\t\t\t\t<span class=\"td-degrees-0\">18<\/span>\n\t\t\t\t\t\t\t<span class=\"td-circle\">&deg;<\/span>\n\t\t\t\t\t\t<\/div>\n\t\t\t\t\t<\/div>\n\t\t\t\t\t\t\t\t\t\t<div class=\"td-weather-days\">\n\t\t\t\t\t\t<div class=\"td-day-1\">jeu<\/div>\n\t\t\t\t\t\t<div class=\"td-day-degrees\">\n\t\t\t\t\t\t\t<span class=\"td-degrees-1\">17<\/span>\n\t\t\t\t\t\t\t<span class=\"td-circle\">&deg;<\/span>\n\t\t\t\t\t\t<\/div>\n\t\t\t\t\t<\/div>\n\t\t\t\t\t\t\t\t\t\t<div class=\"td-weather-days\">\n\t\t\t\t\t\t<div class=\"td-day-2\">ven<\/div>\n\t\t\t\t\t\t<div class=\"td-day-degrees\">\n\t\t\t\t\t\t\t<span class=\"td-degrees-2\">21<\/span>\n\t\t\t\t\t\t\t<span class=\"td-circle\">&deg;<\/span>\n\t\t\t\t\t\t<\/div>\n\t\t\t\t\t<\/div>\n\t\t\t\t\t\t\t\t\t\t<div class=\"td-weather-days\">\n\t\t\t\t\t\t<div class=\"td-day-3\">sam<\/div>\n\t\t\t\t\t\t<div class=\"td-day-degrees\">\n\t\t\t\t\t\t\t<span class=\"td-degrees-3\">21<\/span>\n\t\t\t\t\t\t\t<span class=\"td-circle\">&deg;<\/span>\n\t\t\t\t\t\t<\/div>\n\t\t\t\t\t<\/div>\n\t\t\t\t\t\t\t\t\t\t<div class=\"td-weather-days\">\n\t\t\t\t\t\t<div class=\"td-day-4\">dim<\/div>\n\t\t\t\t\t\t<div class=\"td-day-degrees\">\n\t\t\t\t\t\t\t<span class=\"td-degrees-4\">20<\/span>\n\t\t\t\t\t\t\t<span class=\"td-circle\">&deg;<\/span>\n\t\t\t\t\t\t<\/div>\n\t\t\t\t\t<\/div>\n\t\t\t\t\t\t\t\t<\/div>\n\t\t<\/div>\n\t\t<\/div><\/div> <!-- .\/block --><\/div><\/div><\/div><\/div><div id=\"td_uid_6_69dde0a4919bc\" class=\"tdc-row\"><div class=\"vc_row td_uid_10_69dde0a4919c1_rand  wpb_row td-pb-row\" ><div class=\"vc_column td_uid_11_69dde0a491a70_rand  wpb_column vc_column_container td-pb-span12\"><div class=\"wpb_wrapper\"><div class=\"wpb_wrapper td_block_separator td_block_wrap vc_separator td_uid_12_69dde0a491ae8_rand  td_separator_solid td_separator_center\"><span style=\"border-color:black;border-width:1px;width:100%;\"><\/span><\/div><div class=\"td_block_wrap td_block_image_box td_uid_13_69dde0a491c69_rand td-pb-border-top td_block_template_11\"  data-td-block-uid=\"td_uid_13_69dde0a491c69\" ><div class=\"td-block-title-wrap\"><h4 class=\"td-block-title\"><span class=\"td-pulldown-size\">Nos partenaires <\/span><\/h4><\/div><div class=\"td-image-box-row td-small-image\" style=\"\"><div class=\"td-image-box-span\" style=\"\"><div class=\"td-custom\"><div class=\"td-custom-image\"><a style=\"background-image: url('https:\/\/avenir-gendarmerie.org\/wp-content\/uploads\/2022\/02\/audika-1.jpg'); height: 160px\" href=\"https:\/\/rendezvous.audika.fr\/?page_media_code=PRT22FNRG\"  rel=\"bookmark\" title=\"\"><\/a><\/div><div class=\"td-custom-title\"><h3 class=\"entry-title\"><a href=\"https:\/\/rendezvous.audika.fr\/?page_media_code=PRT22FNRG\"><\/a><\/h3><\/div><\/div><\/div><div class=\"td-image-box-span\" style=\"\"><div class=\"td-custom\"><div class=\"td-custom-image\"><a style=\"background-image: url('https:\/\/avenir-gendarmerie.org\/wp-content\/uploads\/2022\/01\/homiris.jpg'); height: 160px\" href=\"https:\/\/www.homiris.fr\/fr\/landing\/1805-landing\/index.html?gclid=Cj0KCQiA_8OPBhDtARIsAKQu0gYZscnEKD4dwhBNoleHYvpVNSmpzESO5YMl6pKU8yZrKjKZYOaPOTMaAhKJEALw_wcB\"  rel=\"bookmark\" title=\"\"><\/a><\/div><div class=\"td-custom-title\"><h3 class=\"entry-title\"><a href=\"https:\/\/www.homiris.fr\/fr\/landing\/1805-landing\/index.html?gclid=Cj0KCQiA_8OPBhDtARIsAKQu0gYZscnEKD4dwhBNoleHYvpVNSmpzESO5YMl6pKU8yZrKjKZYOaPOTMaAhKJEALw_wcB\"><\/a><\/h3><\/div><\/div><\/div><div class=\"td-image-box-span\" style=\"\"><div class=\"td-custom\"><div class=\"td-custom-image\"><a style=\"background-image: url('https:\/\/avenir-gendarmerie.org\/wp-content\/uploads\/2024\/09\/SARPGN-e1727182763957.jpg'); height: 160px\" href=\"https:\/\/sarpgn.fr\"  rel=\"bookmark\" title=\"\"><\/a><\/div><div class=\"td-custom-title\"><h3 class=\"entry-title\"><a href=\"https:\/\/sarpgn.fr\"><\/a><\/h3><\/div><\/div><\/div><\/div><\/div><div class=\"td_block_wrap td_block_image_box td_uid_14_69dde0a4926dd_rand td-pb-border-top td_block_template_11\"  data-td-block-uid=\"td_uid_14_69dde0a4926dd\" ><div class=\"td-block-title-wrap\"><\/div><div class=\"td-image-box-row td-small-image\" style=\"\"><div class=\"td-image-box-span\" style=\"\"><div class=\"td-custom\"><div class=\"td-custom-image\"><a style=\"background-image: url('https:\/\/avenir-gendarmerie.org\/wp-content\/uploads\/2022\/01\/UNEO.jpg'); height: 160px\" href=\"https:\/\/www.groupe-uneo.fr\"  target=\"_blank\"  rel=\"bookmark\" title=\"\"><\/a><\/div><div class=\"td-custom-title\"><h3 class=\"entry-title\"><a href=\"https:\/\/www.groupe-uneo.fr\"><\/a><\/h3><\/div><\/div><\/div><div class=\"td-image-box-span\" style=\"\"><div class=\"td-custom\"><div class=\"td-custom-image\"><a style=\"background-image: url('https:\/\/avenir-gendarmerie.org\/wp-content\/uploads\/2022\/01\/agpm.jpg'); height: 160px\" href=\"https:\/\/www.agpm.fr\"  rel=\"bookmark\" title=\"\"><\/a><\/div><div class=\"td-custom-title\"><h3 class=\"entry-title\"><a href=\"https:\/\/www.agpm.fr\"><\/a><\/h3><\/div><\/div><\/div><div class=\"td-image-box-span\" style=\"\"><div class=\"td-custom\"><div class=\"td-custom-image\"><a style=\"background-image: url('https:\/\/avenir-gendarmerie.org\/wp-content\/uploads\/2022\/01\/tego-.jpg'); height: 160px\" href=\"https:\/\/associationtego.fr\"  target=\"_blank\"  rel=\"bookmark\" title=\"\"><\/a><\/div><div class=\"td-custom-title\"><h3 class=\"entry-title\"><a href=\"https:\/\/associationtego.fr\"><\/a><\/h3><\/div><\/div><\/div><\/div><\/div><div class=\"wpb_wrapper td_block_separator td_block_wrap vc_separator td_uid_15_69dde0a493067_rand  td_separator_solid td_separator_center\"><span style=\"border-color:black;border-width:1px;width:100%;\"><\/span><\/div><\/div><\/div><\/div><\/div><div id=\"td_uid_10_69dde0a49309c\" class=\"tdc-row\"><div class=\"vc_row td_uid_16_69dde0a49309f_rand  wpb_row td-pb-row\" ><div class=\"vc_column td_uid_17_69dde0a493141_rand  wpb_column vc_column_container td-pb-span12\"><div class=\"wpb_wrapper\"><div class=\"td-a-rec td-a-rec-id-custom_ad_1  td_uid_18_69dde0a4931bf_rand td_block_template_11\">\t<!-- Erreur, Annonce n\u2019est pas disponible pour le moment en raison de restrictions de calendrier \/ g\u00e9olocalisation! --><\/div><div class=\"td-a-rec td-a-rec-id-custom_ad_1  td_uid_19_69dde0a49339e_rand td_block_template_11\">\t<!-- Erreur, Annonce n\u2019est pas disponible pour le moment en raison de restrictions de calendrier \/ g\u00e9olocalisation! --><\/div><\/div><\/div><\/div><\/div><div id=\"td_uid_12_69dde0a49358b\" class=\"tdc-row stretch_row_content td-stretch-content\"><div class=\"vc_row td_uid_20_69dde0a49358f_rand  wpb_row td-pb-row\" ><div class=\"vc_column td_uid_21_69dde0a4935ee_rand  wpb_column vc_column_container td-pb-span12\"><div class=\"wpb_wrapper\"><\/div><\/div><\/div><\/div><div id=\"td_uid_14_69dde0a493609\" class=\"tdc-row stretch_row_content td-stretch-content\"><div class=\"vc_row td_uid_22_69dde0a49360c_rand  wpb_row td-pb-row\" ><div class=\"vc_column td_uid_23_69dde0a493635_rand  wpb_column vc_column_container td-pb-span12\"><div class=\"wpb_wrapper\"><\/div><\/div><\/div><\/div>","protected":false},"excerpt":{"rendered":"","protected":false},"author":2,"featured_media":0,"parent":0,"menu_order":0,"comment_status":"open","ping_status":"closed","template":"page-pagebuilder-latest.php","meta":{"_exactmetrics_skip_tracking":false,"_exactmetrics_sitenote_active":false,"_exactmetrics_sitenote_note":"","_exactmetrics_sitenote_category":0,"footnotes":""},"class_list":["post-7647","page","type-page","status-publish","hentry"],"_links":{"self":[{"href":"https:\/\/avenir-gendarmerie.org\/index.php\/wp-json\/wp\/v2\/pages\/7647","targetHints":{"allow":["GET"]}}],"collection":[{"href":"https:\/\/avenir-gendarmerie.org\/index.php\/wp-json\/wp\/v2\/pages"}],"about":[{"href":"https:\/\/avenir-gendarmerie.org\/index.php\/wp-json\/wp\/v2\/types\/page"}],"author":[{"embeddable":true,"href":"https:\/\/avenir-gendarmerie.org\/index.php\/wp-json\/wp\/v2\/users\/2"}],"replies":[{"embeddable":true,"href":"https:\/\/avenir-gendarmerie.org\/index.php\/wp-json\/wp\/v2\/comments?post=7647"}],"version-history":[{"count":13,"href":"https:\/\/avenir-gendarmerie.org\/index.php\/wp-json\/wp\/v2\/pages\/7647\/revisions"}],"predecessor-version":[{"id":9764,"href":"https:\/\/avenir-gendarmerie.org\/index.php\/wp-json\/wp\/v2\/pages\/7647\/revisions\/9764"}],"wp:attachment":[{"href":"https:\/\/avenir-gendarmerie.org\/index.php\/wp-json\/wp\/v2\/media?parent=7647"}],"curies":[{"name":"wp","href":"https:\/\/api.w.org\/{rel}","templated":true}]}}